{"id":24,"date":"2022-09-30T23:11:44","date_gmt":"2022-09-30T23:11:44","guid":{"rendered":"https:\/\/saymarental.com\/wp\/?page_id=24"},"modified":"2022-11-18T01:25:45","modified_gmt":"2022-11-18T01:25:45","slug":"quienes-somos","status":"publish","type":"page","link":"https:\/\/saymarental.com\/wp\/quienes-somos\/","title":{"rendered":"\u00bfQui\u00e9nes somos?"},"content":{"rendered":"<p>[et_pb_section fb_built=\u00bb1&#8243; admin_label=\u00bbHero\u00bb _builder_version=\u00bb3.22&#8243; background_color=\u00bb#000000&#8243; use_background_color_gradient=\u00bbon\u00bb background_color_gradient_start=\u00bb#063661&#8243; background_color_gradient_end=\u00bbrgba(43,78,136,0.67)\u00bb background_color_gradient_direction=\u00bb118deg\u00bb background_color_gradient_overlays_image=\u00bbon\u00bb background_image=\u00bbhttps:\/\/saymarental.com\/wp\/wp-content\/uploads\/2022\/09\/Car-Rental-Image-31.jpg\u00bb custom_padding=\u00bb|0px|120px|0px|false|false\u00bb bottom_divider_style=\u00bbslant2&#8243; bottom_divider_color=\u00bb#faa152&#8243; bottom_divider_flip=\u00bbvertical\u00bb bottom_divider_height_phone=\u00bb90px\u00bb][et_pb_row column_structure=\u00bb2_3,1_3&#8243; _builder_version=\u00bb3.25&#8243; custom_padding=\u00bb27px|0px|0|0px|false|false\u00bb custom_width_px=\u00bb1440px\u00bb][et_pb_column type=\u00bb2_3&#8243; _builder_version=\u00bb3.25&#8243; custom_padding=\u00bb|||\u00bb custom_padding__hover=\u00bb|||\u00bb][et_pb_text _builder_version=\u00bb3.27.4&#8243; text_font=\u00bb||||||||\u00bb header_font=\u00bbJosefin Sans|700|||||||\u00bb header_font_size=\u00bb60px\u00bb header_line_height=\u00bb1.4em\u00bb header_2_font=\u00bb||||||||\u00bb background_layout=\u00bbdark\u00bb max_width=\u00bb800px\u00bb module_alignment=\u00bbleft\u00bb animation_style=\u00bbfade\u00bb header_font_size_tablet=\u00bb50px\u00bb header_font_size_phone=\u00bb34px\u00bb header_font_size_last_edited=\u00bbon|phone\u00bb locked=\u00bboff\u00bb]<\/p>\n<h1>Renta de autos &#8211; con SAYMA<\/h1>\n<p>[\/et_pb_text][\/et_pb_column][et_pb_column type=\u00bb1_3&#8243; _builder_version=\u00bb3.25&#8243; custom_padding=\u00bb|||\u00bb custom_padding__hover=\u00bb|||\u00bb][\/et_pb_column][\/et_pb_row][\/et_pb_section][et_pb_section fb_built=\u00bb1&#8243; custom_padding_last_edited=\u00bbon|desktop\u00bb admin_label=\u00bbAbout Us\u00bb _builder_version=\u00bb3.22&#8243; custom_padding=\u00bb120px|||\u00bb custom_padding_tablet=\u00bb120px|||\u00bb custom_padding_phone=\u00bb120px|||\u00bb top_divider_style=\u00bbslant2&#8243; top_divider_color=\u00bb#e8e8e8&#8243; top_divider_height=\u00bb120px\u00bb top_divider_height_tablet=\u00bb\u00bb top_divider_height_phone=\u00bb90px\u00bb top_divider_height_last_edited=\u00bbon|desktop\u00bb bottom_divider_height=\u00bb120px\u00bb bottom_divider_height_tablet=\u00bb\u00bb bottom_divider_height_phone=\u00bb\u00bb bottom_divider_height_last_edited=\u00bbon|phone\u00bb][et_pb_row column_structure=\u00bb1_2,1_2&#8243; admin_label=\u00bbText Area\u00bb _builder_version=\u00bb3.25&#8243; custom_padding=\u00bb27px|0px|0|0px|false|false\u00bb][et_pb_column type=\u00bb1_2&#8243; _builder_version=\u00bb3.25&#8243; custom_padding=\u00bb|||\u00bb custom_padding__hover=\u00bb|||\u00bb][et_pb_text _builder_version=\u00bb4.9.4&#8243; text_font=\u00bbJosefin Sans||||||||\u00bb text_font_size=\u00bb20px\u00bb text_line_height=\u00bb1.8em\u00bb header_font=\u00bb||||||||\u00bb header_2_font=\u00bbJosefin Sans|700|||||||\u00bb header_2_font_size=\u00bb50px\u00bb header_2_line_height=\u00bb1.4em\u00bb max_width=\u00bb800px\u00bb module_alignment=\u00bbcenter\u00bb header_2_font_size_tablet=\u00bb50px\u00bb header_2_font_size_phone=\u00bb34px\u00bb header_2_font_size_last_edited=\u00bbon|phone\u00bb]<\/p>\n<h2>\u00bfQui\u00e9nes somos?<\/h2>\n<p>Contamos con m\u00e1s de 10 a\u00f1os de experiencia en llevar a los clientes en su recorrido por todo el pa\u00eds.<\/p>\n<p>[\/et_pb_text][et_pb_text _builder_version=\u00bb4.9.4&#8243; text_font=\u00bbJosefin Sans||||||||\u00bb text_font_size=\u00bb18px\u00bb text_line_height=\u00bb1.8em\u00bb header_font=\u00bb||||||||\u00bb header_2_font=\u00bb||||||||\u00bb header_3_font=\u00bb|700|||||||\u00bb header_3_line_height=\u00bb1.6em\u00bb custom_padding=\u00bb|||\u00bb custom_padding_tablet=\u00bb||50px|\u00bb custom_padding_phone=\u00bb\u00bb custom_padding_last_edited=\u00bbon|phone\u00bb header_2_font_size_phone=\u00bb24px\u00bb header_2_font_size_last_edited=\u00bboff|desktop\u00bb locked=\u00bboff\u00bb]<\/p>\n<h3>SAYMA es una empresa responsable y dedicada<\/h3>\n<p>que le proporciona una amplia variedad de veh\u00edculos para satisfacer sus demandas.<\/p>\n<p>[\/et_pb_text][et_pb_text _builder_version=\u00bb4.9.4&#8243; text_font=\u00bbJosefin Sans||||||||\u00bb text_font_size=\u00bb18px\u00bb text_line_height=\u00bb1.8em\u00bb header_font=\u00bb||||||||\u00bb header_2_font=\u00bb||||||||\u00bb header_3_font=\u00bb|700|||||||\u00bb header_3_line_height=\u00bb1.6em\u00bb custom_padding=\u00bb|||\u00bb custom_padding_tablet=\u00bb||50px|\u00bb custom_padding_phone=\u00bb\u00bb custom_padding_last_edited=\u00bbon|phone\u00bb header_2_font_size_phone=\u00bb24px\u00bb header_2_font_size_last_edited=\u00bboff|desktop\u00bb locked=\u00bboff\u00bb]<\/p>\n<p style=\"text-align: justify;\">Nos tomamos muy en serio la seguridad y el confort, por lo que le ofrecemos veh\u00edculos nuevos y en buen estado con menos de dos a\u00f1os de antig\u00fcedad.<\/p>\n<p>[\/et_pb_text][\/et_pb_column][et_pb_column type=\u00bb1_2&#8243; _builder_version=\u00bb3.25&#8243; custom_padding=\u00bb|||\u00bb custom_padding__hover=\u00bb|||\u00bb][et_pb_image src=\u00bbhttps:\/\/saymarental.com\/wp\/wp-content\/uploads\/2022\/11\/Diseno-sin-titulo.png\u00bb title_text=\u00bbDise\u00f1o sin t\u00edtulo\u00bb align_tablet=\u00bbcenter\u00bb align_phone=\u00bb\u00bb align_last_edited=\u00bbon|desktop\u00bb _builder_version=\u00bb4.9.4&#8243;][\/et_pb_image][\/et_pb_column][\/et_pb_row][et_pb_row column_structure=\u00bb1_2,1_2&#8243; _builder_version=\u00bb3.25&#8243;][et_pb_column type=\u00bb1_2&#8243; _builder_version=\u00bb3.25&#8243; custom_padding=\u00bb|||\u00bb custom_padding__hover=\u00bb|||\u00bb][et_pb_text _builder_version=\u00bb4.9.4&#8243; text_font=\u00bbJosefin Sans||||||||\u00bb text_font_size=\u00bb18px\u00bb text_line_height=\u00bb1.8em\u00bb header_font=\u00bb||||||||\u00bb header_2_font=\u00bb||||||||\u00bb header_3_font=\u00bb|700|||||||\u00bb header_3_line_height=\u00bb1.6em\u00bb custom_padding=\u00bb|||\u00bb custom_padding_tablet=\u00bb||50px|\u00bb custom_padding_phone=\u00bb\u00bb custom_padding_last_edited=\u00bbon|phone\u00bb header_2_font_size_phone=\u00bb24px\u00bb header_2_font_size_last_edited=\u00bboff|desktop\u00bb locked=\u00bboff\u00bb]<\/p>\n<h3>Tu mejor experiencia en la renta de autos<\/h3>\n<p style=\"text-align: justify;\">Para tus vienes de negocios o placer, SAYMA Rental car cuenta con variedad de autos que se adaptan a tu comodidad, <strong>todas las unidades cuentan con :<\/strong><\/p>\n<p>[\/et_pb_text][\/et_pb_column][et_pb_column type=\u00bb1_2&#8243; _builder_version=\u00bb3.25&#8243; custom_padding=\u00bb|||\u00bb custom_padding__hover=\u00bb|||\u00bb][et_pb_text _builder_version=\u00bb4.9.4&#8243; text_font=\u00bbJosefin Sans||||||||\u00bb text_font_size=\u00bb18px\u00bb text_line_height=\u00bb1.8em\u00bb header_font=\u00bb||||||||\u00bb header_2_font=\u00bb||||||||\u00bb header_3_font=\u00bb|700|||||||\u00bb header_3_line_height=\u00bb1.6em\u00bb custom_padding=\u00bb|||\u00bb custom_padding_tablet=\u00bb||50px|\u00bb custom_padding_phone=\u00bb\u00bb custom_padding_last_edited=\u00bbon|phone\u00bb header_2_font_size_phone=\u00bb24px\u00bb header_2_font_size_last_edited=\u00bboff|desktop\u00bb locked=\u00bboff\u00bb]<\/p>\n<ul>\n<li>Bolsas de aire<\/li>\n<li>Sistema el\u00e9ctrico<\/li>\n<li>Aire acondicionado<\/li>\n<li>Frenos \u00c1BS<\/li>\n<li>Pantalla a partir de categor\u00eda intermedia<\/li>\n<\/ul>\n<p>[\/et_pb_text][\/et_pb_column][\/et_pb_row][\/et_pb_section][et_pb_section fb_built=\u00bb1&#8243; custom_padding_last_edited=\u00bbon|phone\u00bb prev_background_color=\u00bb#ffffff\u00bb next_background_color=\u00bb#ffffff\u00bb admin_label=\u00bbSatisfaction Guaranteed\u00bb _builder_version=\u00bb3.22&#8243; use_background_color_gradient=\u00bbon\u00bb background_color_gradient_start=\u00bbrgba(43,78,136,0.6)\u00bb background_color_gradient_end=\u00bb#063661&#8243; background_color_gradient_direction=\u00bb212deg\u00bb background_color_gradient_overlays_image=\u00bbon\u00bb background_image=\u00bbhttps:\/\/saymarental.com\/wp\/wp-content\/uploads\/2022\/09\/Car-Rental-Image-06-1.jpg\u00bb custom_margin=\u00bb|||\u00bb custom_padding=\u00bb200px|0px|200px|0px|true|false\u00bb custom_padding_tablet=\u00bb120px||120px||true\u00bb custom_padding_phone=\u00bb60px||60px||true\u00bb top_divider_style=\u00bbwave2&#8243; top_divider_height=\u00bb200px\u00bb top_divider_repeat=\u00bb0.5x\u00bb top_divider_flip=\u00bbhorizontal\u00bb top_divider_height_tablet=\u00bb110px\u00bb top_divider_height_phone=\u00bb70px\u00bb top_divider_height_last_edited=\u00bbon|tablet\u00bb bottom_divider_style=\u00bbwave2&#8243; bottom_divider_height=\u00bb200px\u00bb bottom_divider_repeat=\u00bb0.3x\u00bb bottom_divider_flip=\u00bbvertical|horizontal\u00bb bottom_divider_height_tablet=\u00bb\u00bb bottom_divider_height_phone=\u00bb70px\u00bb bottom_divider_height_last_edited=\u00bbon|phone\u00bb locked=\u00bboff\u00bb][et_pb_row _builder_version=\u00bb3.25&#8243;][et_pb_column type=\u00bb4_4&#8243; _builder_version=\u00bb3.25&#8243; custom_padding=\u00bb|||\u00bb custom_padding__hover=\u00bb|||\u00bb][et_pb_text _builder_version=\u00bb4.9.4&#8243; text_font=\u00bbJosefin Sans||||||||\u00bb text_font_size=\u00bb20px\u00bb text_line_height=\u00bb1.8em\u00bb header_font=\u00bb||||||||\u00bb header_2_font=\u00bbJosefin Sans|700|||||||\u00bb header_2_font_size=\u00bb60px\u00bb header_2_line_height=\u00bb1.4em\u00bb text_orientation=\u00bbcenter\u00bb background_layout=\u00bbdark\u00bb max_width=\u00bb800px\u00bb module_alignment=\u00bbcenter\u00bb custom_margin=\u00bb|-116px||||\u00bb header_2_font_size_tablet=\u00bb50px\u00bb header_2_font_size_phone=\u00bb34px\u00bb header_2_font_size_last_edited=\u00bbon|phone\u00bb]<\/p>\n<h2>Sectores a los que nos dirigimos<\/h2>\n<p>[\/et_pb_text][\/et_pb_column][\/et_pb_row][et_pb_row column_structure=\u00bb2_3,1_3&#8243; _builder_version=\u00bb3.25&#8243;][et_pb_column type=\u00bb2_3&#8243; _builder_version=\u00bb3.25&#8243; custom_padding=\u00bb|||\u00bb custom_padding__hover=\u00bb|||\u00bb][et_pb_gallery gallery_ids=\u00bb45,46,47,50,51,52&#8243; fullwidth=\u00bbon\u00bb _builder_version=\u00bb4.9.4&#8243; _module_preset=\u00bbdefault\u00bb][\/et_pb_gallery][et_pb_button button_url=\u00bbhttp:\/\/https\/\/wa.me\/524791370793&#8243; button_text=\u00bbReservar un auto\u00bb button_alignment=\u00bbcenter\u00bb _builder_version=\u00bb4.9.4&#8243; custom_button=\u00bbon\u00bb button_text_size=\u00bb14px\u00bb button_text_color=\u00bb#ffffff\u00bb button_bg_color=\u00bb#faa152&#8243; button_border_width=\u00bb0px\u00bb button_border_color=\u00bb#faa152&#8243; button_border_radius=\u00bb0px\u00bb button_font=\u00bbJosefin Sans|600||on|||||\u00bb button_use_icon=\u00bboff\u00bb background_layout=\u00bbdark\u00bb custom_margin=\u00bb|||\u00bb custom_margin_tablet=\u00bb||0px|\u00bb custom_margin_last_edited=\u00bboff|desktop\u00bb custom_padding=\u00bb16px|32px|16px|32px|true|true\u00bb locked=\u00bboff\u00bb button_text_size__hover_enabled=\u00bboff\u00bb button_one_text_size__hover_enabled=\u00bboff\u00bb button_two_text_size__hover_enabled=\u00bboff\u00bb button_text_color__hover_enabled=\u00bboff\u00bb button_one_text_color__hover_enabled=\u00bboff\u00bb button_two_text_color__hover_enabled=\u00bboff\u00bb button_border_width__hover_enabled=\u00bboff\u00bb button_one_border_width__hover_enabled=\u00bboff\u00bb button_two_border_width__hover_enabled=\u00bboff\u00bb button_border_color__hover_enabled=\u00bboff\u00bb button_one_border_color__hover_enabled=\u00bboff\u00bb button_two_border_color__hover_enabled=\u00bboff\u00bb button_border_radius__hover_enabled=\u00bboff\u00bb button_one_border_radius__hover_enabled=\u00bboff\u00bb button_two_border_radius__hover_enabled=\u00bboff\u00bb button_letter_spacing__hover_enabled=\u00bboff\u00bb button_one_letter_spacing__hover_enabled=\u00bboff\u00bb button_two_letter_spacing__hover_enabled=\u00bboff\u00bb button_bg_color__hover_enabled=\u00bboff\u00bb button_one_bg_color__hover_enabled=\u00bboff\u00bb button_two_bg_color__hover_enabled=\u00bboff\u00bb][\/et_pb_button][\/et_pb_column][et_pb_column type=\u00bb1_3&#8243; _builder_version=\u00bb3.25&#8243; custom_padding=\u00bb|||\u00bb custom_padding__hover=\u00bb|||\u00bb][et_pb_blurb title=\u00bb Sector tur\u00edstico \u00bb use_icon=\u00bbon\u00bb font_icon=\u00bb%%202%%\u00bb icon_color=\u00bb#faa152&#8243; icon_placement=\u00bbleft\u00bb content_max_width=\u00bb1100px\u00bb use_icon_font_size=\u00bbon\u00bb icon_font_size=\u00bb32px\u00bb _builder_version=\u00bb4.9.4&#8243; header_font=\u00bbJosefin Sans|600|||||||\u00bb header_line_height=\u00bb1.6em\u00bb body_font=\u00bb||||||||\u00bb background_layout=\u00bbdark\u00bb custom_margin=\u00bb30px||||false|false\u00bb animation_style=\u00bbzoom\u00bb animation_intensity_zoom=\u00bb10%\u00bb animation=\u00bboff\u00bb locked=\u00bboff\u00bb][\/et_pb_blurb][et_pb_blurb title=\u00bbSector empresarial\u00bb use_icon=\u00bbon\u00bb font_icon=\u00bb%%202%%\u00bb icon_color=\u00bb#faa152&#8243; icon_placement=\u00bbleft\u00bb content_max_width=\u00bb1100px\u00bb use_icon_font_size=\u00bbon\u00bb icon_font_size=\u00bb32px\u00bb _builder_version=\u00bb4.9.4&#8243; header_font=\u00bbJosefin Sans|600|||||||\u00bb header_line_height=\u00bb1.6em\u00bb body_font=\u00bb||||||||\u00bb background_layout=\u00bbdark\u00bb animation_style=\u00bbzoom\u00bb animation_intensity_zoom=\u00bb10%\u00bb animation=\u00bboff\u00bb locked=\u00bboff\u00bb][\/et_pb_blurb][et_pb_blurb title=\u00bbSector gubernamental\u00bb use_icon=\u00bbon\u00bb font_icon=\u00bb%%202%%\u00bb icon_color=\u00bb#faa152&#8243; icon_placement=\u00bbleft\u00bb content_max_width=\u00bb1100px\u00bb use_icon_font_size=\u00bbon\u00bb icon_font_size=\u00bb32px\u00bb _builder_version=\u00bb3.9&#8243; header_font=\u00bbJosefin Sans|600|||||||\u00bb header_line_height=\u00bb1.6em\u00bb body_font=\u00bb||||||||\u00bb background_layout=\u00bbdark\u00bb animation_style=\u00bbzoom\u00bb animation_intensity_zoom=\u00bb10%\u00bb animation=\u00bboff\u00bb locked=\u00bboff\u00bb][\/et_pb_blurb][\/et_pb_column][\/et_pb_row][\/et_pb_section]<\/p>\n","protected":false},"excerpt":{"rendered":"<p>[et_pb_section fb_built=\u00bb1&#8243; admin_label=\u00bbHero\u00bb _builder_version=\u00bb3.22&#8243; background_color=\u00bb#000000&#8243; use_background_color_gradient=\u00bbon\u00bb background_color_gradient_start=\u00bb#063661&#8243; background_color_gradient_end=\u00bbrgba(43,78,136,0.67)\u00bb background_color_gradient_direction=\u00bb118deg\u00bb background_color_gradient_overlays_image=\u00bbon\u00bb background_image=\u00bbhttps:\/\/saymarental.com\/wp\/wp-content\/uploads\/2022\/09\/Car-Rental-Image-31.jpg\u00bb custom_padding=\u00bb|0px|120px|0px|false|false\u00bb bottom_divider_style=\u00bbslant2&#8243; bottom_divider_color=\u00bb#faa152&#8243; bottom_divider_flip=\u00bbvertical\u00bb bottom_divider_height_phone=\u00bb90px\u00bb][et_pb_row column_structure=\u00bb2_3,1_3&#8243; _builder_version=\u00bb3.25&#8243; custom_padding=\u00bb27px|0px|0|0px|false|false\u00bb custom_width_px=\u00bb1440px\u00bb][et_pb_column type=\u00bb2_3&#8243; _builder_version=\u00bb3.25&#8243; custom_padding=\u00bb|||\u00bb custom_padding__hover=\u00bb|||\u00bb][et_pb_text _builder_version=\u00bb3.27.4&#8243; text_font=\u00bb||||||||\u00bb header_font=\u00bbJosefin Sans|700|||||||\u00bb header_font_size=\u00bb60px\u00bb header_line_height=\u00bb1.4em\u00bb header_2_font=\u00bb||||||||\u00bb background_layout=\u00bbdark\u00bb max_width=\u00bb800px\u00bb module_alignment=\u00bbleft\u00bb animation_style=\u00bbfade\u00bb header_font_size_tablet=\u00bb50px\u00bb header_font_size_phone=\u00bb34px\u00bb header_font_size_last_edited=\u00bbon|phone\u00bb locked=\u00bboff\u00bb] Renta de autos &#8211; con SAYMA [\/et_pb_text][\/et_pb_column][et_pb_column type=\u00bb1_3&#8243; _builder_version=\u00bb3.25&#8243; custom_padding=\u00bb|||\u00bb custom_padding__hover=\u00bb|||\u00bb][\/et_pb_column][\/et_pb_row][\/et_pb_section][et_pb_section fb_built=\u00bb1&#8243; custom_padding_last_edited=\u00bbon|desktop\u00bb admin_label=\u00bbAbout Us\u00bb _builder_version=\u00bb3.22&#8243; [&hellip;]<\/p>\n","protected":false},"author":2,"featured_media":0,"parent":0,"menu_order":0,"comment_status":"closed","ping_status":"closed","template":"","meta":{"_et_pb_use_builder":"on","_et_pb_old_content":"","_et_gb_content_width":"","footnotes":""},"class_list":["post-24","page","type-page","status-publish","hentry"],"_links":{"self":[{"href":"https:\/\/saymarental.com\/wp\/wp-json\/wp\/v2\/pages\/24","targetHints":{"allow":["GET"]}}],"collection":[{"href":"https:\/\/saymarental.com\/wp\/wp-json\/wp\/v2\/pages"}],"about":[{"href":"https:\/\/saymarental.com\/wp\/wp-json\/wp\/v2\/types\/page"}],"author":[{"embeddable":true,"href":"https:\/\/saymarental.com\/wp\/wp-json\/wp\/v2\/users\/2"}],"replies":[{"embeddable":true,"href":"https:\/\/saymarental.com\/wp\/wp-json\/wp\/v2\/comments?post=24"}],"version-history":[{"count":10,"href":"https:\/\/saymarental.com\/wp\/wp-json\/wp\/v2\/pages\/24\/revisions"}],"predecessor-version":[{"id":92,"href":"https:\/\/saymarental.com\/wp\/wp-json\/wp\/v2\/pages\/24\/revisions\/92"}],"wp:attachment":[{"href":"https:\/\/saymarental.com\/wp\/wp-json\/wp\/v2\/media?parent=24"}],"curies":[{"name":"wp","href":"https:\/\/api.w.org\/{rel}","templated":true}]}}